{"id":290,"date":"2019-12-08T10:53:10","date_gmt":"2019-12-08T10:53:10","guid":{"rendered":"https:\/\/ayteksanmakina.com.tr\/v1\/?page_id=290"},"modified":"2024-10-19T17:05:16","modified_gmt":"2024-10-19T17:05:16","slug":"contact-02","status":"publish","type":"page","link":"https:\/\/ayteksanmakina.com.tr\/v1\/contact-02\/","title":{"rendered":"\u0130LET\u0130\u015e\u0130M"},"content":{"rendered":"\t\t<div data-elementor-type=\"wp-page\" data-elementor-id=\"290\" class=\"elementor elementor-290\">\n\t\t\t\t\t\t<div class=\"elementor-inner\">\n\t\t\t\t<div class=\"elementor-section-wrap\">\n\t\t\t\t\t\t\t\t\t<section class=\"elementor-section elementor-top-section elementor-element elementor-element-9b34d8c elementor-section-boxed elementor-section-height-default elementor-section-height-default\" data-id=\"9b34d8c\" data-element_type=\"section\">\n\t\t\t\t\t\t<div class=\"elementor-container elementor-column-gap-default\">\n\t\t\t\t\t\t\t<div class=\"elementor-row\">\n\t\t\t\t\t<div class=\"elementor-column elementor-col-33 elementor-top-column elementor-element elementor-element-866aaac\" data-id=\"866aaac\" data-element_type=\"column\">\n\t\t\t<div class=\"elementor-column-wrap elementor-element-populated\">\n\t\t\t\t\t\t\t<div class=\"elementor-widget-wrap\">\n\t\t\t\t\t\t<div class=\"elementor-element elementor-element-b53e00a box_align elementor-align-left elementor-widget elementor-widget-tw-icon-box\" data-id=\"b53e00a\" data-element_type=\"widget\" data-widget_type=\"tw-icon-box.default\">\n\t\t\t\t<div class=\"elementor-widget-container\">\n\t\t\t<div class=\"icon_box_05 ib5_left\">\n            <i class=\"twi-map-marker-alt2\"><\/i>\n        <div class=\"ib5_inner\">\n            \n            <h3>OF\u0130S<\/h3>\n                            <p>P\u0131nar\u00e7ay OSB 5. Cadde No:13 <br>\nMerkez\/\u00c7orum\/T\u00fcrkiye<\/p>\n                    <\/div>\n<\/div>\t\t<\/div>\n\t\t\t\t<\/div>\n\t\t\t\t<div class=\"elementor-element elementor-element-f6b7cfe box_align elementor-align-left elementor-widget elementor-widget-tw-icon-box\" data-id=\"f6b7cfe\" data-element_type=\"widget\" data-widget_type=\"tw-icon-box.default\">\n\t\t\t\t<div class=\"elementor-widget-container\">\n\t\t\t<div class=\"icon_box_05 ib5_left\">\n            <i class=\"twi-clock2\"><\/i>\n        <div class=\"ib5_inner\">\n            \n            <h3>\u00c7ALI\u015eMA SAATLER\u0130<\/h3>\n                            <p>Pzt - Cuma : 08:00 18.00 <span>Cmt - Paz: Kapal\u0131<\/span><\/p>\n                    <\/div>\n<\/div>\t\t<\/div>\n\t\t\t\t<\/div>\n\t\t\t\t<div class=\"elementor-element elementor-element-f3c2767 box_align elementor-align-left elementor-widget elementor-widget-tw-icon-box\" data-id=\"f3c2767\" data-element_type=\"widget\" data-widget_type=\"tw-icon-box.default\">\n\t\t\t\t<div class=\"elementor-widget-container\">\n\t\t\t<div class=\"icon_box_05 ib5_left\">\n            <i class=\"twi-headset2\"><\/i>\n        <div class=\"ib5_inner\">\n            \n            <h3>HIZLI \u0130LET\u0130\u015e\u0130M<\/h3>\n                            <p>+90 542 840 69 15<br>\ninfo@ayteksanmakina.com.tr<\/p>\n                    <\/div>\n<\/div>\t\t<\/div>\n\t\t\t\t<\/div>\n\t\t\t\t\t\t<\/div>\n\t\t\t\t\t<\/div>\n\t\t<\/div>\n\t\t\t\t<div class=\"elementor-column elementor-col-66 elementor-top-column elementor-element elementor-element-7a643f7\" data-id=\"7a643f7\" data-element_type=\"column\">\n\t\t\t<div class=\"elementor-column-wrap elementor-element-populated\">\n\t\t\t\t\t\t\t<div class=\"elementor-widget-wrap\">\n\t\t\t\t\t\t<div class=\"elementor-element elementor-element-7d0c5f9 section_titles elementor-align-left elementor-widget elementor-widget-tw-section-title\" data-id=\"7d0c5f9\" data-element_type=\"widget\" data-widget_type=\"tw-section-title.default\">\n\t\t\t\t<div class=\"elementor-widget-container\">\n\t\t\t                            <h2 class=\"sec_title \">\n                                    <span>\u0130leti\u015fim Formu<\/span>\n                            <\/h2>\n                \t\t<\/div>\n\t\t\t\t<\/div>\n\t\t\t\t<div class=\"elementor-element elementor-element-14761f2 elementor-widget elementor-widget-text-editor\" data-id=\"14761f2\" data-element_type=\"widget\" data-widget_type=\"text-editor.default\">\n\t\t\t\t<div class=\"elementor-widget-container\">\n\t\t\t\t\t\t\t\t<div class=\"elementor-text-editor elementor-clearfix\">\n\t\t\t\t<table class=\"wp-list-table widefat fixed striped table-view-list forms\"><tbody id=\"the-list\" data-wp-lists=\"list:form\"><tr><td class=\"shortcode column-shortcode\" data-colname=\"K\u0131sa kod\"><div class=\"wpforms-container wpforms-container-full wpforms-render-modern\" id=\"wpforms-2169\"><form id=\"wpforms-form-2169\" class=\"wpforms-validate wpforms-form wpforms-ajax-form\" data-formid=\"2169\" method=\"post\" enctype=\"multipart\/form-data\" action=\"\/v1\/wp-json\/wp\/v2\/pages\/290\" data-token=\"6147e878a50984ad3b498fdd29fd8dd7\"><noscript class=\"wpforms-error-noscript\">Bu formu bitirebilmek i\u00e7in taray\u0131c\u0131n\u0131zda JavaScript&#039;i etkinle\u015ftirin.<\/noscript><div class=\"wpforms-hidden\" id=\"wpforms-error-noscript\">Bu formu bitirebilmek i\u00e7in taray\u0131c\u0131n\u0131zda JavaScript&#039;i etkinle\u015ftirin.<\/div><div class=\"wpforms-field-container\"><div id=\"wpforms-2169-field_0-container\" class=\"wpforms-field wpforms-field-name\" data-field-id=\"0\"><label class=\"wpforms-field-label\" for=\"wpforms-2169-field_0\">Ad\u0131n\u0131z <span class=\"wpforms-required-label\" aria-hidden=\"true\">*<\/span><\/label><input type=\"text\" id=\"wpforms-2169-field_0\" class=\"wpforms-field-large wpforms-field-required\" name=\"wpforms[fields][0]\" aria-errormessage=\"wpforms-2169-field_0-error\" required><\/div><div id=\"wpforms-2169-field_1-container\" class=\"wpforms-field wpforms-field-email\" data-field-id=\"1\"><label class=\"wpforms-field-label\" for=\"wpforms-2169-field_1\">E-posta <span class=\"wpforms-required-label\" aria-hidden=\"true\">*<\/span><\/label><input type=\"email\" id=\"wpforms-2169-field_1\" class=\"wpforms-field-large wpforms-field-required\" name=\"wpforms[fields][1]\" spellcheck=\"false\" aria-errormessage=\"wpforms-2169-field_1-error\" required><\/div><div id=\"wpforms-2169-field_2-container\" class=\"wpforms-field wpforms-field-textarea\" data-field-id=\"2\"><label class=\"wpforms-field-label\" for=\"wpforms-2169-field_2\">Mesaj\u0131n\u0131z<\/label><textarea id=\"wpforms-2169-field_2\" class=\"wpforms-field-large\" name=\"wpforms[fields][2]\" aria-errormessage=\"wpforms-2169-field_2-error\" ><\/textarea><\/div><\/div><!-- .wpforms-field-container --><div class=\"wpforms-submit-container\" ><input type=\"hidden\" name=\"wpforms[id]\" value=\"2169\"><input type=\"hidden\" name=\"wpforms[author]\" value=\"1\"><button type=\"submit\" name=\"wpforms[submit]\" id=\"wpforms-submit-2169\" class=\"wpforms-submit\" data-alt-text=\"G\u00f6nderiliyor...\" data-submit-text=\"G\u00f6nder\" aria-live=\"assertive\" value=\"wpforms-submit\">G\u00f6nder<\/button><img decoding=\"async\" loading=\"lazy\" src=\"https:\/\/ayteksanmakina.com.tr\/v1\/wp-content\/plugins\/wpforms-lite\/assets\/images\/submit-spin.svg\" class=\"wpforms-submit-spinner\" style=\"display: none;\" width=\"26\" height=\"26\" alt=\"Y\u00fckleniyor\"><\/div><\/form><\/div>  <!-- .wpforms-container --><\/td><\/tr><\/tbody><\/table>\t\t\t\t\t<\/div>\n\t\t\t\t\t\t<\/div>\n\t\t\t\t<\/div>\n\t\t\t\t\t\t<\/div>\n\t\t\t\t\t<\/div>\n\t\t<\/div>\n\t\t\t\t\t\t\t\t<\/div>\n\t\t\t\t\t<\/div>\n\t\t<\/section>\n\t\t\t\t<section class=\"elementor-section elementor-top-section elementor-element elementor-element-c711062 elementor-section-boxed elementor-section-height-default elementor-section-height-default\" data-id=\"c711062\" data-element_type=\"section\">\n\t\t\t\t\t\t<div class=\"elementor-container elementor-column-gap-default\">\n\t\t\t\t\t\t\t<div class=\"elementor-row\">\n\t\t\t\t\t<div class=\"elementor-column elementor-col-100 elementor-top-column elementor-element elementor-element-e6d3287\" data-id=\"e6d3287\" data-element_type=\"column\">\n\t\t\t<div class=\"elementor-column-wrap elementor-element-populated\">\n\t\t\t\t\t\t\t<div class=\"elementor-widget-wrap\">\n\t\t\t\t\t\t<div class=\"elementor-element elementor-element-9d3e718 elementor-widget elementor-widget-google_maps\" data-id=\"9d3e718\" data-element_type=\"widget\" data-widget_type=\"google_maps.default\">\n\t\t\t\t<div class=\"elementor-widget-container\">\n\t\t\t\t\t<div class=\"elementor-custom-embed\">\n\t\t\t<iframe loading=\"lazy\"\n\t\t\t\t\tsrc=\"https:\/\/maps.google.com\/maps?q=%C3%87orum%20Organize%20Sanayi%205.%20Cd.%20no%3A%2013%20%C3%87ORUM&#038;t=m&#038;z=16&#038;output=embed&#038;iwloc=near\"\n\t\t\t\t\ttitle=\"\u00c7orum Organize Sanayi 5. Cd. no: 13 \u00c7ORUM\"\n\t\t\t\t\taria-label=\"\u00c7orum Organize Sanayi 5. Cd. no: 13 \u00c7ORUM\"\n\t\t\t><\/iframe>\n\t\t<\/div>\n\t\t\t\t<\/div>\n\t\t\t\t<\/div>\n\t\t\t\t\t\t<\/div>\n\t\t\t\t\t<\/div>\n\t\t<\/div>\n\t\t\t\t\t\t\t\t<\/div>\n\t\t\t\t\t<\/div>\n\t\t<\/section>\n\t\t\t\t\t\t\t\t\t<\/div>\n\t\t\t<\/div>\n\t\t\t\t\t<\/div>\n\t\t","protected":false},"excerpt":{"rendered":"<p>OF\u0130S P\u0131nar\u00e7ay OSB 5. Cadde No:13 Merkez\/\u00c7orum\/T\u00fcrkiye \u00c7ALI\u015eMA SAATLER\u0130 Pzt &#8211; Cuma : 08:00 18.00 Cmt &#8211; Paz: Kapal\u0131 HIZLI \u0130LET\u0130\u015e\u0130M +90 542 840 69 15 info@ayteksanmakina.com.tr \u0130leti\u015fim Formu<\/p>\n","protected":false},"author":1,"featured_media":0,"parent":0,"menu_order":0,"comment_status":"closed","ping_status":"closed","template":"page-templates\/full-width.php","meta":{"footnotes":"","_joinchat":[]},"_links":{"self":[{"href":"https:\/\/ayteksanmakina.com.tr\/v1\/wp-json\/wp\/v2\/pages\/290"}],"collection":[{"href":"https:\/\/ayteksanmakina.com.tr\/v1\/wp-json\/wp\/v2\/pages"}],"about":[{"href":"https:\/\/ayteksanmakina.com.tr\/v1\/wp-json\/wp\/v2\/types\/page"}],"author":[{"embeddable":true,"href":"https:\/\/ayteksanmakina.com.tr\/v1\/wp-json\/wp\/v2\/users\/1"}],"replies":[{"embeddable":true,"href":"https:\/\/ayteksanmakina.com.tr\/v1\/wp-json\/wp\/v2\/comments?post=290"}],"version-history":[{"count":53,"href":"https:\/\/ayteksanmakina.com.tr\/v1\/wp-json\/wp\/v2\/pages\/290\/revisions"}],"predecessor-version":[{"id":2230,"href":"https:\/\/ayteksanmakina.com.tr\/v1\/wp-json\/wp\/v2\/pages\/290\/revisions\/2230"}],"wp:attachment":[{"href":"https:\/\/ayteksanmakina.com.tr\/v1\/wp-json\/wp\/v2\/media?parent=290"}],"curies":[{"name":"wp","href":"https:\/\/api.w.org\/{rel}","templated":true}]}}