{"id":258,"date":"2019-12-08T08:36:58","date_gmt":"2019-12-08T08:36:58","guid":{"rendered":"https:\/\/ayteksanmakina.com.tr\/v1\/?page_id=258"},"modified":"2023-08-18T13:38:16","modified_gmt":"2023-08-18T13:38:16","slug":"about","status":"publish","type":"page","link":"https:\/\/ayteksanmakina.com.tr\/v1\/about\/","title":{"rendered":"About"},"content":{"rendered":"\t\t<div data-elementor-type=\"wp-page\" data-elementor-id=\"258\" class=\"elementor elementor-258\">\n\t\t\t\t\t\t<div class=\"elementor-inner\">\n\t\t\t\t<div class=\"elementor-section-wrap\">\n\t\t\t\t\t\t\t\t\t<section class=\"elementor-section elementor-top-section elementor-element elementor-element-f6116a2 elementor-section-boxed elementor-section-height-default elementor-section-height-default\" data-id=\"f6116a2\" data-element_type=\"section\">\n\t\t\t\t\t\t<div class=\"elementor-container elementor-column-gap-default\">\n\t\t\t\t\t\t\t<div class=\"elementor-row\">\n\t\t\t\t\t<div class=\"elementor-column elementor-col-50 elementor-top-column elementor-element elementor-element-fb8d9dd\" data-id=\"fb8d9dd\" data-element_type=\"column\">\n\t\t\t<div class=\"elementor-column-wrap elementor-element-populated\">\n\t\t\t\t\t\t\t<div class=\"elementor-widget-wrap\">\n\t\t\t\t\t\t<div class=\"elementor-element elementor-element-bf712ca elementor-widget elementor-widget-tw-about-section\" data-id=\"bf712ca\" data-element_type=\"widget\" data-widget_type=\"tw-about-section.default\">\n\t\t\t\t<div class=\"elementor-widget-container\">\n\t\t\t                <div class=\"aboutImg clearfix\">\r\n                                        <div class=\"i1 pull-right\">\r\n                        <img decoding=\"async\" src=\"https:\/\/ayteksanmakina.com.tr\/v1\/wp-content\/uploads\/2023\/08\/architectural-design-building-architecture-building-facade-with-multiple-windows-tall-building.png\" alt=\"\">\r\n                    <\/div>\r\n                                                            <div class=\"i2 pull-left\">\r\n                        <img decoding=\"async\" src=\"https:\/\/ayteksanmakina.com.tr\/v1\/wp-content\/uploads\/2023\/08\/7766942-scaled.jpg\" class=\"si\" alt=\"\">\r\n                    <\/div>\r\n                                        <div class=\"yearsofexp\">\r\n                                                    <h2><span data-counter=\"19\" class=\"timer\">19<\/span>+<\/h2>\r\n                                                                            <span>Year Of Experience<\/span>\r\n                                            <\/div>\r\n                <\/div>\r\n                \t\t<\/div>\n\t\t\t\t<\/div>\n\t\t\t\t\t\t<\/div>\n\t\t\t\t\t<\/div>\n\t\t<\/div>\n\t\t\t\t<div class=\"elementor-column elementor-col-50 elementor-top-column elementor-element elementor-element-1d352f0\" data-id=\"1d352f0\" data-element_type=\"column\">\n\t\t\t<div class=\"elementor-column-wrap elementor-element-populated\">\n\t\t\t\t\t\t\t<div class=\"elementor-widget-wrap\">\n\t\t\t\t\t\t<div class=\"elementor-element elementor-element-4e7c87e text_align elementor-align-left elementor-widget elementor-widget-xs-heading\" data-id=\"4e7c87e\" data-element_type=\"widget\" data-widget_type=\"xs-heading.default\">\n\t\t\t\t<div class=\"elementor-widget-container\">\n\t\t\t                <p class=\"ind_ps \">Ayteksan Makine Ltd. \u015eti. resmi olarak, 2023 y\u0131l\u0131 ocak ay\u0131nda kurulmu\u015ftur. \u015eirketimiz Kurucusu 2004 y\u0131l\u0131ndan itibaren farkl\u0131\nmakine imalat sekt\u00f6rlerinde bir \u00e7ok bran\u015f ve b\u00f6lu\u0308mlerde y\u00f6neticilik yapm\u0131\u015f ve yakla\u015f\u0131k 18 y\u0131l\u0131 a\u015fk\u0131n tecru\u0308besi ile sekt\u00f6ru\u0308n\nihtiya\u00e7lar\u0131na \u00e7\u00f6zu\u0308mler u\u0308retmi\u015ftir. \u015eirketimiz Mu\u0308hendislik, Dan\u0131\u015fmanl\u0131k, Ar-Ge, Makine \u0130malat, Montaj gibi bir \u00e7ok alanda\nfaaliyet g\u00f6stermektedir.\n\u015eirketimizin, ana faaliyet konusu; Maden ve Seramik makinalar\u0131 konusunda, Yurt i\u00e7i ve Yurt D\u0131\u015f\u0131 Anahtar teslim tesisler\nkurmak ve a\u015fa\u011f\u0131da belirtilen bu tesislerin tu\u0308m makine ve ekipman ihtiya\u00e7lar\u0131n\u0131 kar\u015f\u0131lamaktad\u0131r.\n\n<br><\/br>- Maden sekt\u00f6ru\u0308nde; Bentonit, Diatomit, Sepiyolit, Atapulgit, Perlit, K\u00f6mu\u0308r, Tuz vs. gibi endu\u0308striyel hammaddelerin\nzenginle\u015ftirilmesi hususunda anahtar teslim \u00e7\u00f6zu\u0308mler. (Kurutma, K\u0131rma, Eleme, \u00d6\u011fu\u0308tme, Ta\u015f\u0131ma, Depolama, Dozajlama,\nPaketleme, Filtre Sistemleri vs,)\n\n<br><\/br>- Seramik sekt\u00f6ru\u0308nde, Anahtar teslim \u015feklinde Hammadde haz\u0131rlama tesisleri, (Kurutma, K\u0131rma, Eleme, \u00d6\u011fu\u0308tme,\nTa\u015f\u0131ma, Depolama, Dozajlama, Paketleme, Filtre Sistemleri vs,)\n\n<br><\/br>- Tu\u011fla-Kiremit Sekt\u00f6ru\u0308nde, Anahtar teslimi; Hammadde haz\u0131rlama tesisleri, (K\u0131rma, Eleme, \u00d6\u011fu\u0308tme, Ta\u015f\u0131ma,\nDepolama, Dozajlama, Paketleme, Filtre Sistemleri vs,)\n\n<br><\/br>- Maden ve Seramik sekt\u00f6ru\u0308nu\u0308n \u00f6zel gereksinimlerine g\u00f6re; \u00f6zel projeler ve tasar\u0131mlarda \u00e7al\u0131\u015f\u0131lmaktad\u0131r.\n\n<br><\/br>- \u00c7elik konstru\u0308ksiyon yap\u0131lar; Projelendirme, dizayn, teknik dan\u0131\u015fmanl\u0131k, imalat, kurulum ve su\u0308perviz\u00f6rlu\u0308k\nhizmetleri.\n\n<br><\/br>Daha iyisi i\u00e7in bizimle \u00e7al\u0131\u015f\u0131n\u2026<\/p>\r\n            \t\t<\/div>\n\t\t\t\t<\/div>\n\t\t\t\t\t\t<\/div>\n\t\t\t\t\t<\/div>\n\t\t<\/div>\n\t\t\t\t\t\t\t\t<\/div>\n\t\t\t\t\t<\/div>\n\t\t<\/section>\n\t\t\t\t<section class=\"elementor-section elementor-top-section elementor-element elementor-element-13bb70a elementor-section-full_width elementor-section-content-middle elementor-section-height-default elementor-section-height-default\" data-id=\"13bb70a\" data-element_type=\"section\" data-settings=\"{&quot;background_background&quot;:&quot;classic&quot;}\">\n\t\t\t\t\t\t<div class=\"elementor-container elementor-column-gap-no\">\n\t\t\t\t\t\t\t<div class=\"elementor-row\">\n\t\t\t\t\t<div class=\"elementor-column elementor-col-50 elementor-top-column elementor-element elementor-element-d12e8a7\" data-id=\"d12e8a7\" data-element_type=\"column\">\n\t\t\t<div class=\"elementor-column-wrap elementor-element-populated\">\n\t\t\t\t\t\t\t<div class=\"elementor-widget-wrap\">\n\t\t\t\t\t\t<div class=\"elementor-element elementor-element-79c8a33 section_titles elementor-align-left elementor-widget elementor-widget-tw-section-title\" data-id=\"79c8a33\" data-element_type=\"widget\" data-widget_type=\"tw-section-title.default\">\n\t\t\t\t<div class=\"elementor-widget-container\">\n\t\t\t                            <h2 class=\"sec_title \">\n                                    <span>Sekt\u00f6rler<\/span>\n                            <\/h2>\n                \t\t<\/div>\n\t\t\t\t<\/div>\n\t\t\t\t<div class=\"elementor-element elementor-element-884c8d5 elementor-widget elementor-widget-tw-skill-bar\" data-id=\"884c8d5\" data-element_type=\"widget\" data-widget_type=\"tw-skill-bar.default\">\n\t\t\t\t<div class=\"elementor-widget-container\">\n\t\t\t            <div class=\"singleSkill\" data-parcent=\"100\">\n                                    <span>MADEN END\u00dcSTR\u0130S\u0130<\/span>\n                                <div class=\"skillBG\">\n                                            <div class=\"skill\"><span class=\"prc\">100%<\/span><\/div>\n                                    <\/div>\n            <\/div>\n            \t\t<\/div>\n\t\t\t\t<\/div>\n\t\t\t\t<div class=\"elementor-element elementor-element-a767484 elementor-widget elementor-widget-tw-skill-bar\" data-id=\"a767484\" data-element_type=\"widget\" data-widget_type=\"tw-skill-bar.default\">\n\t\t\t\t<div class=\"elementor-widget-container\">\n\t\t\t            <div class=\"singleSkill\" data-parcent=\"100\">\n                                    <span>SERAM\u0130K END\u00dcSTR\u0130S\u0130<\/span>\n                                <div class=\"skillBG\">\n                                            <div class=\"skill\"><span class=\"prc\">100%<\/span><\/div>\n                                    <\/div>\n            <\/div>\n            \t\t<\/div>\n\t\t\t\t<\/div>\n\t\t\t\t<div class=\"elementor-element elementor-element-dd67606 elementor-widget elementor-widget-tw-skill-bar\" data-id=\"dd67606\" data-element_type=\"widget\" data-widget_type=\"tw-skill-bar.default\">\n\t\t\t\t<div class=\"elementor-widget-container\">\n\t\t\t            <div class=\"singleSkill\" data-parcent=\"100\">\n                                    <span>\u00d6ZEL \u0130MALAT \u00dcR\u00dcNLER<\/span>\n                                <div class=\"skillBG\">\n                                            <div class=\"skill\"><span class=\"prc\">100%<\/span><\/div>\n                                    <\/div>\n            <\/div>\n            \t\t<\/div>\n\t\t\t\t<\/div>\n\t\t\t\t<div class=\"elementor-element elementor-element-70dbaa0 elementor-widget elementor-widget-tw-skill-bar\" data-id=\"70dbaa0\" data-element_type=\"widget\" data-widget_type=\"tw-skill-bar.default\">\n\t\t\t\t<div class=\"elementor-widget-container\">\n\t\t\t            <div class=\"singleSkill\" data-parcent=\"100\">\n                                    <span>M\u00dcHEND\u0130SL\u0130K VE TEKN\u0130K DANI\u015eMANLIK<\/span>\n                                <div class=\"skillBG\">\n                                            <div class=\"skill\"><span class=\"prc\">100%<\/span><\/div>\n                                    <\/div>\n            <\/div>\n            \t\t<\/div>\n\t\t\t\t<\/div>\n\t\t\t\t<div class=\"elementor-element elementor-element-83d5608 elementor-widget elementor-widget-tw-skill-bar\" data-id=\"83d5608\" data-element_type=\"widget\" data-widget_type=\"tw-skill-bar.default\">\n\t\t\t\t<div class=\"elementor-widget-container\">\n\t\t\t            <div class=\"singleSkill\" data-parcent=\"100\">\n                                    <span>\u00c7EL\u0130K KONSTR\u00dcKS\u0130YON \u0130\u015eLER\u0130<\/span>\n                                <div class=\"skillBG\">\n                                            <div class=\"skill\"><span class=\"prc\">100%<\/span><\/div>\n                                    <\/div>\n            <\/div>\n            \t\t<\/div>\n\t\t\t\t<\/div>\n\t\t\t\t\t\t<\/div>\n\t\t\t\t\t<\/div>\n\t\t<\/div>\n\t\t\t\t<div class=\"elementor-column elementor-col-50 elementor-top-column elementor-element elementor-element-974cc89\" data-id=\"974cc89\" data-element_type=\"column\" data-settings=\"{&quot;background_background&quot;:&quot;classic&quot;}\">\n\t\t\t<div class=\"elementor-column-wrap elementor-element-populated\">\n\t\t\t\t\t\t\t<div class=\"elementor-widget-wrap\">\n\t\t\t\t\t\t<div class=\"elementor-element elementor-element-a042bb0 elementor-hidden-desktop elementor-widget elementor-widget-image\" data-id=\"a042bb0\" data-element_type=\"widget\" data-widget_type=\"image.default\">\n\t\t\t\t<div class=\"elementor-widget-container\">\n\t\t\t\t\t\t\t\t<div class=\"elementor-image\">\n\t\t\t\t\t\t\t\t\t\t\t\t<img decoding=\"async\" loading=\"lazy\" width=\"1200\" height=\"773\" src=\"https:\/\/ayteksanmakina.com.tr\/v1\/wp-content\/uploads\/2023\/02\/6427564.jpg?v=1692275433\" class=\"attachment-full size-full wp-image-1036\" alt=\"\" srcset=\"https:\/\/ayteksanmakina.com.tr\/v1\/wp-content\/uploads\/2023\/02\/6427564.jpg?v=1692275433 1200w, https:\/\/ayteksanmakina.com.tr\/v1\/wp-content\/uploads\/2023\/02\/6427564-300x193.jpg?v=1692275433 300w, https:\/\/ayteksanmakina.com.tr\/v1\/wp-content\/uploads\/2023\/02\/6427564-1024x660.jpg?v=1692275433 1024w, https:\/\/ayteksanmakina.com.tr\/v1\/wp-content\/uploads\/2023\/02\/6427564-768x495.jpg?v=1692275433 768w\" sizes=\"(max-width: 1200px) 100vw, 1200px\" \/>\t\t\t\t\t\t\t\t\t\t\t\t\t\t<\/div>\n\t\t\t\t\t\t<\/div>\n\t\t\t\t<\/div>\n\t\t\t\t\t\t<\/div>\n\t\t\t\t\t<\/div>\n\t\t<\/div>\n\t\t\t\t\t\t\t\t<\/div>\n\t\t\t\t\t<\/div>\n\t\t<\/section>\n\t\t\t\t\t\t\t\t\t<\/div>\n\t\t\t<\/div>\n\t\t\t\t\t<\/div>\n\t\t","protected":false},"excerpt":{"rendered":"<p>19+ Year Of Experience Ayteksan Makine Ltd. \u015eti. resmi olarak, 2023 y\u0131l\u0131 ocak ay\u0131nda kurulmu\u015ftur. \u015eirketimiz Kurucusu 2004 y\u0131l\u0131ndan itibaren farkl\u0131 makine imalat sekt\u00f6rlerinde bir \u00e7ok bran\u015f ve b\u00f6lu\u0308mlerde y\u00f6neticilik yapm\u0131\u015f ve yakla\u015f\u0131k 18 y\u0131l\u0131 a\u015fk\u0131n tecru\u0308besi ile sekt\u00f6ru\u0308n ihtiya\u00e7lar\u0131na \u00e7\u00f6zu\u0308mler u\u0308retmi\u015ftir. \u015eirketimiz Mu\u0308hendislik, Dan\u0131\u015fmanl\u0131k, Ar-Ge, Makine \u0130malat, Montaj gibi bir \u00e7ok alanda faaliyet g\u00f6stermektedir. [&hellip;]<\/p>\n","protected":false},"author":1,"featured_media":0,"parent":0,"menu_order":0,"comment_status":"closed","ping_status":"closed","template":"page-templates\/full-width.php","meta":{"footnotes":"","_joinchat":[]},"_links":{"self":[{"href":"https:\/\/ayteksanmakina.com.tr\/v1\/wp-json\/wp\/v2\/pages\/258"}],"collection":[{"href":"https:\/\/ayteksanmakina.com.tr\/v1\/wp-json\/wp\/v2\/pages"}],"about":[{"href":"https:\/\/ayteksanmakina.com.tr\/v1\/wp-json\/wp\/v2\/types\/page"}],"author":[{"embeddable":true,"href":"https:\/\/ayteksanmakina.com.tr\/v1\/wp-json\/wp\/v2\/users\/1"}],"replies":[{"embeddable":true,"href":"https:\/\/ayteksanmakina.com.tr\/v1\/wp-json\/wp\/v2\/comments?post=258"}],"version-history":[{"count":77,"href":"https:\/\/ayteksanmakina.com.tr\/v1\/wp-json\/wp\/v2\/pages\/258\/revisions"}],"predecessor-version":[{"id":2114,"href":"https:\/\/ayteksanmakina.com.tr\/v1\/wp-json\/wp\/v2\/pages\/258\/revisions\/2114"}],"wp:attachment":[{"href":"https:\/\/ayteksanmakina.com.tr\/v1\/wp-json\/wp\/v2\/media?parent=258"}],"curies":[{"name":"wp","href":"https:\/\/api.w.org\/{rel}","templated":true}]}}