{"id":1728,"date":"2023-08-17T11:26:25","date_gmt":"2023-08-17T11:26:25","guid":{"rendered":"https:\/\/ayteksanmakina.com.tr\/v1\/?page_id=1728"},"modified":"2023-08-18T11:13:44","modified_gmt":"2023-08-18T11:13:44","slug":"cekicli-kiricilar","status":"publish","type":"page","link":"https:\/\/ayteksanmakina.com.tr\/v1\/cekicli-kiricilar\/","title":{"rendered":"\u00c7EK\u0130\u00c7L\u0130 KIRICILAR"},"content":{"rendered":"\t\t<div data-elementor-type=\"wp-page\" data-elementor-id=\"1728\" class=\"elementor elementor-1728\">\n\t\t\t\t\t\t<div class=\"elementor-inner\">\n\t\t\t\t<div class=\"elementor-section-wrap\">\n\t\t\t\t\t\t\t\t\t<section class=\"elementor-section elementor-top-section elementor-element elementor-element-fc2bd34 elementor-section-boxed elementor-section-height-default elementor-section-height-default\" data-id=\"fc2bd34\" data-element_type=\"section\">\n\t\t\t\t\t\t<div class=\"elementor-container elementor-column-gap-default\">\n\t\t\t\t\t\t\t<div class=\"elementor-row\">\n\t\t\t\t\t<div class=\"elementor-column elementor-col-100 elementor-top-column elementor-element elementor-element-a400baa\" data-id=\"a400baa\" data-element_type=\"column\">\n\t\t\t<div class=\"elementor-column-wrap elementor-element-populated\">\n\t\t\t\t\t\t\t<div class=\"elementor-widget-wrap\">\n\t\t\t\t\t\t<div class=\"elementor-element elementor-element-e65fade elementor-widget elementor-widget-text-editor\" data-id=\"e65fade\" data-element_type=\"widget\" data-widget_type=\"text-editor.default\">\n\t\t\t\t<div class=\"elementor-widget-container\">\n\t\t\t\t\t\t\t\t<div class=\"elementor-text-editor elementor-clearfix\">\n\t\t\t\t<p class=\"p1\">Daha sert ve kuru olan malzemelerin \u00e7eki\u00e7lerle k\u0131r\u0131l\u0131p ufalanmas\u0131n\u0131 sa\u011flayan makinalard\u0131r. Farkl\u0131 hammaddeler ve kapasiteler i\u00e7in tek ve \u00e7ift rotorlu modelleri mevcuttur.<\/p>\t\t\t\t\t<\/div>\n\t\t\t\t\t\t<\/div>\n\t\t\t\t<\/div>\n\t\t\t\t\t\t<\/div>\n\t\t\t\t\t<\/div>\n\t\t<\/div>\n\t\t\t\t\t\t\t\t<\/div>\n\t\t\t\t\t<\/div>\n\t\t<\/section>\n\t\t\t\t<section class=\"elementor-section elementor-top-section elementor-element elementor-element-5b8105f elementor-section-boxed elementor-section-height-default elementor-section-height-default\" data-id=\"5b8105f\" data-element_type=\"section\">\n\t\t\t\t\t\t<div class=\"elementor-container elementor-column-gap-default\">\n\t\t\t\t\t\t\t<div class=\"elementor-row\">\n\t\t\t\t\t<div class=\"elementor-column elementor-col-100 elementor-top-column elementor-element elementor-element-69f1895\" data-id=\"69f1895\" data-element_type=\"column\">\n\t\t\t<div class=\"elementor-column-wrap elementor-element-populated\">\n\t\t\t\t\t\t\t<div class=\"elementor-widget-wrap\">\n\t\t\t\t\t\t<div class=\"elementor-element elementor-element-5e5cbc7 elementor-widget elementor-widget-image-gallery\" data-id=\"5e5cbc7\" data-element_type=\"widget\" data-widget_type=\"image-gallery.default\">\n\t\t\t\t<div class=\"elementor-widget-container\">\n\t\t\t\t\t<div class=\"elementor-image-gallery\">\n\t\t\t\n\t\t<style type=\"text\/css\">\n\t\t\t#gallery-1 {\n\t\t\t\tmargin: auto;\n\t\t\t}\n\t\t\t#gallery-1 .gallery-item {\n\t\t\t\tfloat: left;\n\t\t\t\tmargin-top: 10px;\n\t\t\t\ttext-align: center;\n\t\t\t\twidth: 50%;\n\t\t\t}\n\t\t\t#gallery-1 img {\n\t\t\t\tborder: 2px solid #cfcfcf;\n\t\t\t}\n\t\t\t#gallery-1 .gallery-caption {\n\t\t\t\tmargin-left: 0;\n\t\t\t}\n\t\t\t\/* see gallery_shortcode() in wp-includes\/media.php *\/\n\t\t<\/style>\n\t\t<div id='gallery-1' class='gallery galleryid-1728 gallery-columns-2 gallery-size-industing-team-3'><dl class='gallery-item'>\n\t\t\t<dt class='gallery-icon landscape'>\n\t\t\t\t<a data-elementor-open-lightbox=\"yes\" data-elementor-lightbox-slideshow=\"5e5cbc7\" data-elementor-lightbox-title=\"TRK-2\" e-action-hash=\"#elementor-action%3Aaction%3Dlightbox%26settings%3DeyJpZCI6MTc1OCwidXJsIjoiaHR0cHM6XC9cL2F5dGVrc2FubWFraW5hLmNvbS50clwvdjFcL3dwLWNvbnRlbnRcL3VwbG9hZHNcLzIwMTlcLzEyXC9UUkstMi0xLmpwZyIsInNsaWRlc2hvdyI6IjVlNWNiYzcifQ%3D%3D\" href='https:\/\/ayteksanmakina.com.tr\/v1\/wp-content\/uploads\/2019\/12\/TRK-2-1.jpg'><img width=\"570\" height=\"570\" src=\"https:\/\/ayteksanmakina.com.tr\/v1\/wp-content\/uploads\/2019\/12\/TRK-2-1-570x570.jpg\" class=\"attachment-industing-team-3 size-industing-team-3\" alt=\"\" decoding=\"async\" loading=\"lazy\" srcset=\"https:\/\/ayteksanmakina.com.tr\/v1\/wp-content\/uploads\/2019\/12\/TRK-2-1-570x570.jpg 570w, https:\/\/ayteksanmakina.com.tr\/v1\/wp-content\/uploads\/2019\/12\/TRK-2-1-150x150.jpg 150w, https:\/\/ayteksanmakina.com.tr\/v1\/wp-content\/uploads\/2019\/12\/TRK-2-1-100x100.jpg 100w, https:\/\/ayteksanmakina.com.tr\/v1\/wp-content\/uploads\/2019\/12\/TRK-2-1-342x342.jpg 342w\" sizes=\"(max-width: 570px) 100vw, 570px\" \/><\/a>\n\t\t\t<\/dt><\/dl><dl class='gallery-item'>\n\t\t\t<dt class='gallery-icon landscape'>\n\t\t\t\t<a data-elementor-open-lightbox=\"yes\" data-elementor-lightbox-slideshow=\"5e5cbc7\" data-elementor-lightbox-title=\"C\u0327RK-2\" e-action-hash=\"#elementor-action%3Aaction%3Dlightbox%26settings%3DeyJpZCI6MTc1OSwidXJsIjoiaHR0cHM6XC9cL2F5dGVrc2FubWFraW5hLmNvbS50clwvdjFcL3dwLWNvbnRlbnRcL3VwbG9hZHNcLzIwMTlcLzEyXC9DUkstMi0xLmpwZyIsInNsaWRlc2hvdyI6IjVlNWNiYzcifQ%3D%3D\" href='https:\/\/ayteksanmakina.com.tr\/v1\/wp-content\/uploads\/2019\/12\/CRK-2-1.jpg'><img width=\"570\" height=\"570\" src=\"https:\/\/ayteksanmakina.com.tr\/v1\/wp-content\/uploads\/2019\/12\/CRK-2-1-570x570.jpg\" class=\"attachment-industing-team-3 size-industing-team-3\" alt=\"\" decoding=\"async\" loading=\"lazy\" srcset=\"https:\/\/ayteksanmakina.com.tr\/v1\/wp-content\/uploads\/2019\/12\/CRK-2-1-570x570.jpg 570w, https:\/\/ayteksanmakina.com.tr\/v1\/wp-content\/uploads\/2019\/12\/CRK-2-1-150x150.jpg 150w, https:\/\/ayteksanmakina.com.tr\/v1\/wp-content\/uploads\/2019\/12\/CRK-2-1-100x100.jpg 100w, https:\/\/ayteksanmakina.com.tr\/v1\/wp-content\/uploads\/2019\/12\/CRK-2-1-342x342.jpg 342w\" sizes=\"(max-width: 570px) 100vw, 570px\" \/><\/a>\n\t\t\t<\/dt><\/dl><br style=\"clear: both\" \/>\n\t\t<\/div>\n\t\t<\/div>\n\t\t\t\t<\/div>\n\t\t\t\t<\/div>\n\t\t\t\t\t\t<\/div>\n\t\t\t\t\t<\/div>\n\t\t<\/div>\n\t\t\t\t\t\t\t\t<\/div>\n\t\t\t\t\t<\/div>\n\t\t<\/section>\n\t\t\t\t<section class=\"elementor-section elementor-top-section elementor-element elementor-element-e82941f elementor-section-boxed elementor-section-height-default elementor-section-height-default\" data-id=\"e82941f\" data-element_type=\"section\">\n\t\t\t\t\t\t<div class=\"elementor-container elementor-column-gap-default\">\n\t\t\t\t\t\t\t<div class=\"elementor-row\">\n\t\t\t\t\t<div class=\"elementor-column elementor-col-100 elementor-top-column elementor-element elementor-element-4f3ac1c\" data-id=\"4f3ac1c\" data-element_type=\"column\">\n\t\t\t<div class=\"elementor-column-wrap elementor-element-populated\">\n\t\t\t\t\t\t\t<div class=\"elementor-widget-wrap\">\n\t\t\t\t\t\t<div class=\"elementor-element elementor-element-5fd9f26 elementor-widget elementor-widget-image\" data-id=\"5fd9f26\" data-element_type=\"widget\" data-widget_type=\"image.default\">\n\t\t\t\t<div class=\"elementor-widget-container\">\n\t\t\t\t\t\t\t\t<div class=\"elementor-image\">\n\t\t\t\t\t\t\t\t\t\t\t\t<img decoding=\"async\" loading=\"lazy\" width=\"797\" height=\"265\" src=\"https:\/\/ayteksanmakina.com.tr\/v1\/wp-content\/uploads\/2023\/08\/Ekran-Resmi-2023-08-18-13.46.14.png\" class=\"attachment-large size-large wp-image-1869\" alt=\"\" srcset=\"https:\/\/ayteksanmakina.com.tr\/v1\/wp-content\/uploads\/2023\/08\/Ekran-Resmi-2023-08-18-13.46.14.png 797w, https:\/\/ayteksanmakina.com.tr\/v1\/wp-content\/uploads\/2023\/08\/Ekran-Resmi-2023-08-18-13.46.14-300x100.png 300w, https:\/\/ayteksanmakina.com.tr\/v1\/wp-content\/uploads\/2023\/08\/Ekran-Resmi-2023-08-18-13.46.14-768x255.png 768w\" sizes=\"(max-width: 797px) 100vw, 797px\" \/>\t\t\t\t\t\t\t\t\t\t\t\t\t\t<\/div>\n\t\t\t\t\t\t<\/div>\n\t\t\t\t<\/div>\n\t\t\t\t\t\t<\/div>\n\t\t\t\t\t<\/div>\n\t\t<\/div>\n\t\t\t\t\t\t\t\t<\/div>\n\t\t\t\t\t<\/div>\n\t\t<\/section>\n\t\t\t\t\t\t\t\t\t<\/div>\n\t\t\t<\/div>\n\t\t\t\t\t<\/div>\n\t\t","protected":false},"excerpt":{"rendered":"<p>Daha sert ve kuru olan malzemelerin \u00e7eki\u00e7lerle k\u0131r\u0131l\u0131p ufalanmas\u0131n\u0131 sa\u011flayan makinalard\u0131r. Farkl\u0131 hammaddeler ve kapasiteler i\u00e7in tek ve \u00e7ift rotorlu modelleri mevcuttur.<\/p>\n","protected":false},"author":1,"featured_media":0,"parent":0,"menu_order":0,"comment_status":"closed","ping_status":"closed","template":"","meta":{"footnotes":"","_joinchat":[]},"_links":{"self":[{"href":"https:\/\/ayteksanmakina.com.tr\/v1\/wp-json\/wp\/v2\/pages\/1728"}],"collection":[{"href":"https:\/\/ayteksanmakina.com.tr\/v1\/wp-json\/wp\/v2\/pages"}],"about":[{"href":"https:\/\/ayteksanmakina.com.tr\/v1\/wp-json\/wp\/v2\/types\/page"}],"author":[{"embeddable":true,"href":"https:\/\/ayteksanmakina.com.tr\/v1\/wp-json\/wp\/v2\/users\/1"}],"replies":[{"embeddable":true,"href":"https:\/\/ayteksanmakina.com.tr\/v1\/wp-json\/wp\/v2\/comments?post=1728"}],"version-history":[{"count":13,"href":"https:\/\/ayteksanmakina.com.tr\/v1\/wp-json\/wp\/v2\/pages\/1728\/revisions"}],"predecessor-version":[{"id":1913,"href":"https:\/\/ayteksanmakina.com.tr\/v1\/wp-json\/wp\/v2\/pages\/1728\/revisions\/1913"}],"wp:attachment":[{"href":"https:\/\/ayteksanmakina.com.tr\/v1\/wp-json\/wp\/v2\/media?parent=1728"}],"curies":[{"name":"wp","href":"https:\/\/api.w.org\/{rel}","templated":true}]}}