{"id":1114,"date":"2023-02-09T14:08:34","date_gmt":"2023-02-09T14:08:34","guid":{"rendered":"https:\/\/ayteksanmakina.com.tr\/v1\/?page_id=1114"},"modified":"2023-08-18T11:15:52","modified_gmt":"2023-08-18T11:15:52","slug":"karistirici-makinalari","status":"publish","type":"page","link":"https:\/\/ayteksanmakina.com.tr\/v1\/karistirici-makinalari\/","title":{"rendered":"KARI\u015eTIRICILAR"},"content":{"rendered":"\t\t<div data-elementor-type=\"wp-page\" data-elementor-id=\"1114\" class=\"elementor elementor-1114\">\n\t\t\t\t\t\t<div class=\"elementor-inner\">\n\t\t\t\t<div class=\"elementor-section-wrap\">\n\t\t\t\t\t\t\t\t\t<section class=\"elementor-section elementor-top-section elementor-element elementor-element-0591fc0 elementor-section-boxed elementor-section-height-default elementor-section-height-default\" data-id=\"0591fc0\" data-element_type=\"section\">\n\t\t\t\t\t\t<div class=\"elementor-container elementor-column-gap-default\">\n\t\t\t\t\t\t\t<div class=\"elementor-row\">\n\t\t\t\t\t<div class=\"elementor-column elementor-col-100 elementor-top-column elementor-element elementor-element-0148427\" data-id=\"0148427\" data-element_type=\"column\">\n\t\t\t<div class=\"elementor-column-wrap elementor-element-populated\">\n\t\t\t\t\t\t\t<div class=\"elementor-widget-wrap\">\n\t\t\t\t\t\t<div class=\"elementor-element elementor-element-ab58c6a elementor-widget elementor-widget-text-editor\" data-id=\"ab58c6a\" data-element_type=\"widget\" data-widget_type=\"text-editor.default\">\n\t\t\t\t<div class=\"elementor-widget-container\">\n\t\t\t\t\t\t\t\t<div class=\"elementor-text-editor elementor-clearfix\">\n\t\t\t\t<p class=\"p1\">Bu makineler farkl\u0131 \u00f6zellikteki hammaddelerin i\u00e7erisine su ilave edilerek kar\u0131\u015ft\u0131r\u0131lmas\u0131 ve homojen bir kar\u0131\u015f\u0131m elde edilmesi i\u00e7in kullan\u0131l\u0131r. Prosese uygun olarak farkl\u0131 tu\u0308r ve ebatlarda modelleri mevcuttur.<\/p>\t\t\t\t\t<\/div>\n\t\t\t\t\t\t<\/div>\n\t\t\t\t<\/div>\n\t\t\t\t\t\t<\/div>\n\t\t\t\t\t<\/div>\n\t\t<\/div>\n\t\t\t\t\t\t\t\t<\/div>\n\t\t\t\t\t<\/div>\n\t\t<\/section>\n\t\t\t\t<section class=\"elementor-section elementor-top-section elementor-element elementor-element-f1625e5 elementor-section-boxed elementor-section-height-default elementor-section-height-default\" data-id=\"f1625e5\" data-element_type=\"section\">\n\t\t\t\t\t\t<div class=\"elementor-container elementor-column-gap-default\">\n\t\t\t\t\t\t\t<div class=\"elementor-row\">\n\t\t\t\t\t<div class=\"elementor-column elementor-col-100 elementor-top-column elementor-element elementor-element-fd849f1\" data-id=\"fd849f1\" data-element_type=\"column\">\n\t\t\t<div class=\"elementor-column-wrap elementor-element-populated\">\n\t\t\t\t\t\t\t<div class=\"elementor-widget-wrap\">\n\t\t\t\t\t\t<div class=\"elementor-element elementor-element-8c7859e elementor-widget elementor-widget-image-gallery\" data-id=\"8c7859e\" data-element_type=\"widget\" data-widget_type=\"image-gallery.default\">\n\t\t\t\t<div class=\"elementor-widget-container\">\n\t\t\t\t\t<div class=\"elementor-image-gallery\">\n\t\t\t\n\t\t<style type=\"text\/css\">\n\t\t\t#gallery-1 {\n\t\t\t\tmargin: auto;\n\t\t\t}\n\t\t\t#gallery-1 .gallery-item {\n\t\t\t\tfloat: left;\n\t\t\t\tmargin-top: 10px;\n\t\t\t\ttext-align: center;\n\t\t\t\twidth: 25%;\n\t\t\t}\n\t\t\t#gallery-1 img {\n\t\t\t\tborder: 2px solid #cfcfcf;\n\t\t\t}\n\t\t\t#gallery-1 .gallery-caption {\n\t\t\t\tmargin-left: 0;\n\t\t\t}\n\t\t\t\/* see gallery_shortcode() in wp-includes\/media.php *\/\n\t\t<\/style>\n\t\t<div id='gallery-1' class='gallery galleryid-1114 gallery-columns-4 gallery-size-industing-team-3'><dl class='gallery-item'>\n\t\t\t<dt class='gallery-icon landscape'>\n\t\t\t\t<a data-elementor-open-lightbox=\"yes\" data-elementor-lightbox-slideshow=\"8c7859e\" data-elementor-lightbox-title=\"KA-1\" e-action-hash=\"#elementor-action%3Aaction%3Dlightbox%26settings%3DeyJpZCI6MTcxNiwidXJsIjoiaHR0cHM6XC9cL2F5dGVrc2FubWFraW5hLmNvbS50clwvdjFcL3dwLWNvbnRlbnRcL3VwbG9hZHNcLzIwMTlcLzEyXC9LQS0xLTEuanBnIiwic2xpZGVzaG93IjoiOGM3ODU5ZSJ9\" href='https:\/\/ayteksanmakina.com.tr\/v1\/wp-content\/uploads\/2019\/12\/KA-1-1.jpg'><img width=\"570\" height=\"570\" src=\"https:\/\/ayteksanmakina.com.tr\/v1\/wp-content\/uploads\/2019\/12\/KA-1-1-570x570.jpg\" class=\"attachment-industing-team-3 size-industing-team-3\" alt=\"\" decoding=\"async\" loading=\"lazy\" srcset=\"https:\/\/ayteksanmakina.com.tr\/v1\/wp-content\/uploads\/2019\/12\/KA-1-1-570x570.jpg 570w, https:\/\/ayteksanmakina.com.tr\/v1\/wp-content\/uploads\/2019\/12\/KA-1-1-150x150.jpg 150w, https:\/\/ayteksanmakina.com.tr\/v1\/wp-content\/uploads\/2019\/12\/KA-1-1-100x100.jpg 100w, https:\/\/ayteksanmakina.com.tr\/v1\/wp-content\/uploads\/2019\/12\/KA-1-1-342x342.jpg 342w\" sizes=\"(max-width: 570px) 100vw, 570px\" \/><\/a>\n\t\t\t<\/dt><\/dl><dl class='gallery-item'>\n\t\t\t<dt class='gallery-icon landscape'>\n\t\t\t\t<a data-elementor-open-lightbox=\"yes\" data-elementor-lightbox-slideshow=\"8c7859e\" data-elementor-lightbox-title=\"FK-1\" e-action-hash=\"#elementor-action%3Aaction%3Dlightbox%26settings%3DeyJpZCI6MTcxNSwidXJsIjoiaHR0cHM6XC9cL2F5dGVrc2FubWFraW5hLmNvbS50clwvdjFcL3dwLWNvbnRlbnRcL3VwbG9hZHNcLzIwMTlcLzEyXC9GSy0xLTEuanBnIiwic2xpZGVzaG93IjoiOGM3ODU5ZSJ9\" href='https:\/\/ayteksanmakina.com.tr\/v1\/wp-content\/uploads\/2019\/12\/FK-1-1.jpg'><img width=\"570\" height=\"570\" src=\"https:\/\/ayteksanmakina.com.tr\/v1\/wp-content\/uploads\/2019\/12\/FK-1-1-570x570.jpg\" class=\"attachment-industing-team-3 size-industing-team-3\" alt=\"\" decoding=\"async\" loading=\"lazy\" srcset=\"https:\/\/ayteksanmakina.com.tr\/v1\/wp-content\/uploads\/2019\/12\/FK-1-1-570x570.jpg 570w, https:\/\/ayteksanmakina.com.tr\/v1\/wp-content\/uploads\/2019\/12\/FK-1-1-150x150.jpg 150w, https:\/\/ayteksanmakina.com.tr\/v1\/wp-content\/uploads\/2019\/12\/FK-1-1-100x100.jpg 100w, https:\/\/ayteksanmakina.com.tr\/v1\/wp-content\/uploads\/2019\/12\/FK-1-1-342x342.jpg 342w\" sizes=\"(max-width: 570px) 100vw, 570px\" \/><\/a>\n\t\t\t<\/dt><\/dl><dl class='gallery-item'>\n\t\t\t<dt class='gallery-icon landscape'>\n\t\t\t\t<a data-elementor-open-lightbox=\"yes\" data-elementor-lightbox-slideshow=\"8c7859e\" data-elementor-lightbox-title=\"MI\u0307KSER--1\" e-action-hash=\"#elementor-action%3Aaction%3Dlightbox%26settings%3DeyJpZCI6MTcxNywidXJsIjoiaHR0cHM6XC9cL2F5dGVrc2FubWFraW5hLmNvbS50clwvdjFcL3dwLWNvbnRlbnRcL3VwbG9hZHNcLzIwMTlcLzEyXC9NSUtTRVItMS0xLmpwZyIsInNsaWRlc2hvdyI6IjhjNzg1OWUifQ%3D%3D\" href='https:\/\/ayteksanmakina.com.tr\/v1\/wp-content\/uploads\/2019\/12\/MIKSER-1-1.jpg'><img width=\"570\" height=\"570\" src=\"https:\/\/ayteksanmakina.com.tr\/v1\/wp-content\/uploads\/2019\/12\/MIKSER-1-1-570x570.jpg\" class=\"attachment-industing-team-3 size-industing-team-3\" alt=\"\" decoding=\"async\" loading=\"lazy\" srcset=\"https:\/\/ayteksanmakina.com.tr\/v1\/wp-content\/uploads\/2019\/12\/MIKSER-1-1-570x570.jpg 570w, https:\/\/ayteksanmakina.com.tr\/v1\/wp-content\/uploads\/2019\/12\/MIKSER-1-1-150x150.jpg 150w, https:\/\/ayteksanmakina.com.tr\/v1\/wp-content\/uploads\/2019\/12\/MIKSER-1-1-100x100.jpg 100w, https:\/\/ayteksanmakina.com.tr\/v1\/wp-content\/uploads\/2019\/12\/MIKSER-1-1-342x342.jpg 342w\" sizes=\"(max-width: 570px) 100vw, 570px\" \/><\/a>\n\t\t\t<\/dt><\/dl><dl class='gallery-item'>\n\t\t\t<dt class='gallery-icon landscape'>\n\t\t\t\t<a data-elementor-open-lightbox=\"yes\" data-elementor-lightbox-slideshow=\"8c7859e\" data-elementor-lightbox-title=\"MI\u0307KSER--2\" e-action-hash=\"#elementor-action%3Aaction%3Dlightbox%26settings%3DeyJpZCI6MTcxOCwidXJsIjoiaHR0cHM6XC9cL2F5dGVrc2FubWFraW5hLmNvbS50clwvdjFcL3dwLWNvbnRlbnRcL3VwbG9hZHNcLzIwMTlcLzEyXC9NSUtTRVItMi0xLmpwZyIsInNsaWRlc2hvdyI6IjhjNzg1OWUifQ%3D%3D\" href='https:\/\/ayteksanmakina.com.tr\/v1\/wp-content\/uploads\/2019\/12\/MIKSER-2-1.jpg'><img width=\"570\" height=\"570\" src=\"https:\/\/ayteksanmakina.com.tr\/v1\/wp-content\/uploads\/2019\/12\/MIKSER-2-1-570x570.jpg\" class=\"attachment-industing-team-3 size-industing-team-3\" alt=\"\" decoding=\"async\" loading=\"lazy\" srcset=\"https:\/\/ayteksanmakina.com.tr\/v1\/wp-content\/uploads\/2019\/12\/MIKSER-2-1-570x570.jpg 570w, https:\/\/ayteksanmakina.com.tr\/v1\/wp-content\/uploads\/2019\/12\/MIKSER-2-1-150x150.jpg 150w, https:\/\/ayteksanmakina.com.tr\/v1\/wp-content\/uploads\/2019\/12\/MIKSER-2-1-100x100.jpg 100w, https:\/\/ayteksanmakina.com.tr\/v1\/wp-content\/uploads\/2019\/12\/MIKSER-2-1-342x342.jpg 342w\" sizes=\"(max-width: 570px) 100vw, 570px\" \/><\/a>\n\t\t\t<\/dt><\/dl><br style=\"clear: both\" \/>\n\t\t<\/div>\n\t\t<\/div>\n\t\t\t\t<\/div>\n\t\t\t\t<\/div>\n\t\t\t\t\t\t<\/div>\n\t\t\t\t\t<\/div>\n\t\t<\/div>\n\t\t\t\t\t\t\t\t<\/div>\n\t\t\t\t\t<\/div>\n\t\t<\/section>\n\t\t\t\t<section class=\"elementor-section elementor-top-section elementor-element elementor-element-f580dc5 elementor-section-boxed elementor-section-height-default elementor-section-height-default\" data-id=\"f580dc5\" data-element_type=\"section\">\n\t\t\t\t\t\t<div class=\"elementor-container elementor-column-gap-default\">\n\t\t\t\t\t\t\t<div class=\"elementor-row\">\n\t\t\t\t\t<div class=\"elementor-column elementor-col-100 elementor-top-column elementor-element elementor-element-ad5e53f\" data-id=\"ad5e53f\" data-element_type=\"column\">\n\t\t\t<div class=\"elementor-column-wrap elementor-element-populated\">\n\t\t\t\t\t\t\t<div class=\"elementor-widget-wrap\">\n\t\t\t\t\t\t<div class=\"elementor-element elementor-element-ac67e5c elementor-widget elementor-widget-image\" data-id=\"ac67e5c\" data-element_type=\"widget\" data-widget_type=\"image.default\">\n\t\t\t\t<div class=\"elementor-widget-container\">\n\t\t\t\t\t\t\t\t<div class=\"elementor-image\">\n\t\t\t\t\t\t\t\t\t\t\t\t<img decoding=\"async\" loading=\"lazy\" width=\"841\" height=\"361\" src=\"https:\/\/ayteksanmakina.com.tr\/v1\/wp-content\/uploads\/2023\/08\/Ekran-Resmi-2023-08-18-14.01.55.png\" class=\"attachment-large size-large wp-image-1885\" alt=\"\" srcset=\"https:\/\/ayteksanmakina.com.tr\/v1\/wp-content\/uploads\/2023\/08\/Ekran-Resmi-2023-08-18-14.01.55.png 841w, https:\/\/ayteksanmakina.com.tr\/v1\/wp-content\/uploads\/2023\/08\/Ekran-Resmi-2023-08-18-14.01.55-300x129.png 300w, https:\/\/ayteksanmakina.com.tr\/v1\/wp-content\/uploads\/2023\/08\/Ekran-Resmi-2023-08-18-14.01.55-768x330.png 768w\" sizes=\"(max-width: 841px) 100vw, 841px\" \/>\t\t\t\t\t\t\t\t\t\t\t\t\t\t<\/div>\n\t\t\t\t\t\t<\/div>\n\t\t\t\t<\/div>\n\t\t\t\t\t\t<\/div>\n\t\t\t\t\t<\/div>\n\t\t<\/div>\n\t\t\t\t\t\t\t\t<\/div>\n\t\t\t\t\t<\/div>\n\t\t<\/section>\n\t\t\t\t\t\t\t\t\t<\/div>\n\t\t\t<\/div>\n\t\t\t\t\t<\/div>\n\t\t","protected":false},"excerpt":{"rendered":"<p>Bu makineler farkl\u0131 \u00f6zellikteki hammaddelerin i\u00e7erisine su ilave edilerek kar\u0131\u015ft\u0131r\u0131lmas\u0131 ve homojen bir kar\u0131\u015f\u0131m elde edilmesi i\u00e7in kullan\u0131l\u0131r. Prosese uygun olarak farkl\u0131 tu\u0308r ve ebatlarda modelleri mevcuttur.<\/p>\n","protected":false},"author":1,"featured_media":0,"parent":0,"menu_order":0,"comment_status":"closed","ping_status":"closed","template":"","meta":{"footnotes":"","_joinchat":[]},"_links":{"self":[{"href":"https:\/\/ayteksanmakina.com.tr\/v1\/wp-json\/wp\/v2\/pages\/1114"}],"collection":[{"href":"https:\/\/ayteksanmakina.com.tr\/v1\/wp-json\/wp\/v2\/pages"}],"about":[{"href":"https:\/\/ayteksanmakina.com.tr\/v1\/wp-json\/wp\/v2\/types\/page"}],"author":[{"embeddable":true,"href":"https:\/\/ayteksanmakina.com.tr\/v1\/wp-json\/wp\/v2\/users\/1"}],"replies":[{"embeddable":true,"href":"https:\/\/ayteksanmakina.com.tr\/v1\/wp-json\/wp\/v2\/comments?post=1114"}],"version-history":[{"count":23,"href":"https:\/\/ayteksanmakina.com.tr\/v1\/wp-json\/wp\/v2\/pages\/1114\/revisions"}],"predecessor-version":[{"id":1923,"href":"https:\/\/ayteksanmakina.com.tr\/v1\/wp-json\/wp\/v2\/pages\/1114\/revisions\/1923"}],"wp:attachment":[{"href":"https:\/\/ayteksanmakina.com.tr\/v1\/wp-json\/wp\/v2\/media?parent=1114"}],"curies":[{"name":"wp","href":"https:\/\/api.w.org\/{rel}","templated":true}]}}