{"id":1073,"date":"2023-02-09T13:50:52","date_gmt":"2023-02-09T13:50:52","guid":{"rendered":"https:\/\/ayteksanmakina.com.tr\/v1\/?page_id=1073"},"modified":"2023-08-18T12:52:14","modified_gmt":"2023-08-18T12:52:14","slug":"perlit-tesisleri","status":"publish","type":"page","link":"https:\/\/ayteksanmakina.com.tr\/v1\/perlit-tesisleri\/","title":{"rendered":"PERL\u0130T TES\u0130SLER\u0130"},"content":{"rendered":"\t\t<div data-elementor-type=\"wp-page\" data-elementor-id=\"1073\" class=\"elementor elementor-1073\">\n\t\t\t\t\t\t<div class=\"elementor-inner\">\n\t\t\t\t<div class=\"elementor-section-wrap\">\n\t\t\t\t\t\t\t\t\t<section class=\"elementor-section elementor-top-section elementor-element elementor-element-1c629de elementor-section-boxed elementor-section-height-default elementor-section-height-default\" data-id=\"1c629de\" data-element_type=\"section\">\n\t\t\t\t\t\t<div class=\"elementor-container elementor-column-gap-default\">\n\t\t\t\t\t\t\t<div class=\"elementor-row\">\n\t\t\t\t\t<div class=\"elementor-column elementor-col-100 elementor-top-column elementor-element elementor-element-9ce3301\" data-id=\"9ce3301\" data-element_type=\"column\">\n\t\t\t<div class=\"elementor-column-wrap elementor-element-populated\">\n\t\t\t\t\t\t\t<div class=\"elementor-widget-wrap\">\n\t\t\t\t\t\t<div class=\"elementor-element elementor-element-c52ff72 elementor-widget elementor-widget-text-editor\" data-id=\"c52ff72\" data-element_type=\"widget\" data-widget_type=\"text-editor.default\">\n\t\t\t\t<div class=\"elementor-widget-container\">\n\t\t\t\t\t\t\t\t<div class=\"elementor-text-editor elementor-clearfix\">\n\t\t\t\t<p><em>Perlit tesislerinde, ham perlitin zenginle\u015ftirme haz\u0131rlama \u00fcnitelerinin ihtiyac\u0131 olan, k\u0131rma, kurutma, eleme, ta\u015f\u0131ma ve depolama sistemleri, tesis i\u00e7erisi havaland\u0131rma sistemleri gibi makine ekipmanlar\u0131n imalat ve kurulumunu yapmaktay\u0131z.<\/em><\/p>\t\t\t\t\t<\/div>\n\t\t\t\t\t\t<\/div>\n\t\t\t\t<\/div>\n\t\t\t\t<div class=\"elementor-element elementor-element-13b54e5 elementor-widget elementor-widget-image-gallery\" data-id=\"13b54e5\" data-element_type=\"widget\" data-widget_type=\"image-gallery.default\">\n\t\t\t\t<div class=\"elementor-widget-container\">\n\t\t\t\t\t<div class=\"elementor-image-gallery\">\n\t\t\t\n\t\t<style type=\"text\/css\">\n\t\t\t#gallery-1 {\n\t\t\t\tmargin: auto;\n\t\t\t}\n\t\t\t#gallery-1 .gallery-item {\n\t\t\t\tfloat: left;\n\t\t\t\tmargin-top: 10px;\n\t\t\t\ttext-align: center;\n\t\t\t\twidth: 25%;\n\t\t\t}\n\t\t\t#gallery-1 img {\n\t\t\t\tborder: 2px solid #cfcfcf;\n\t\t\t}\n\t\t\t#gallery-1 .gallery-caption {\n\t\t\t\tmargin-left: 0;\n\t\t\t}\n\t\t\t\/* see gallery_shortcode() in wp-includes\/media.php *\/\n\t\t<\/style>\n\t\t<div id='gallery-1' class='gallery galleryid-1073 gallery-columns-4 gallery-size-industing-team-3'><dl class='gallery-item'>\n\t\t\t<dt class='gallery-icon landscape'>\n\t\t\t\t<a data-elementor-open-lightbox=\"yes\" data-elementor-lightbox-slideshow=\"13b54e5\" data-elementor-lightbox-title=\"i-1\" e-action-hash=\"#elementor-action%3Aaction%3Dlightbox%26settings%3DeyJpZCI6MTYzNCwidXJsIjoiaHR0cHM6XC9cL2F5dGVrc2FubWFraW5hLmNvbS50clwvdjFcL3dwLWNvbnRlbnRcL3VwbG9hZHNcLzIwMTlcLzEyXC9pLTEtMS5qcGciLCJzbGlkZXNob3ciOiIxM2I1NGU1In0%3D\" href='https:\/\/ayteksanmakina.com.tr\/v1\/wp-content\/uploads\/2019\/12\/i-1-1.jpg'><img width=\"570\" height=\"570\" src=\"https:\/\/ayteksanmakina.com.tr\/v1\/wp-content\/uploads\/2019\/12\/i-1-1-570x570.jpg\" class=\"attachment-industing-team-3 size-industing-team-3\" alt=\"\" decoding=\"async\" loading=\"lazy\" srcset=\"https:\/\/ayteksanmakina.com.tr\/v1\/wp-content\/uploads\/2019\/12\/i-1-1-570x570.jpg 570w, https:\/\/ayteksanmakina.com.tr\/v1\/wp-content\/uploads\/2019\/12\/i-1-1-150x150.jpg 150w, https:\/\/ayteksanmakina.com.tr\/v1\/wp-content\/uploads\/2019\/12\/i-1-1-100x100.jpg 100w, https:\/\/ayteksanmakina.com.tr\/v1\/wp-content\/uploads\/2019\/12\/i-1-1-342x342.jpg 342w\" sizes=\"(max-width: 570px) 100vw, 570px\" \/><\/a>\n\t\t\t<\/dt><\/dl>\n\t\t\t<br style='clear: both' \/>\n\t\t<\/div>\n\t\t<\/div>\n\t\t\t\t<\/div>\n\t\t\t\t<\/div>\n\t\t\t\t\t\t<\/div>\n\t\t\t\t\t<\/div>\n\t\t<\/div>\n\t\t\t\t\t\t\t\t<\/div>\n\t\t\t\t\t<\/div>\n\t\t<\/section>\n\t\t\t\t\t\t\t\t\t<\/div>\n\t\t\t<\/div>\n\t\t\t\t\t<\/div>\n\t\t","protected":false},"excerpt":{"rendered":"<p>Perlit tesislerinde, ham perlitin zenginle\u015ftirme haz\u0131rlama \u00fcnitelerinin ihtiyac\u0131 olan, k\u0131rma, kurutma, eleme, ta\u015f\u0131ma ve depolama sistemleri, tesis i\u00e7erisi havaland\u0131rma sistemleri gibi makine ekipmanlar\u0131n imalat ve kurulumunu yapmaktay\u0131z.<\/p>\n","protected":false},"author":1,"featured_media":0,"parent":0,"menu_order":0,"comment_status":"closed","ping_status":"closed","template":"","meta":{"footnotes":"","_joinchat":[]},"_links":{"self":[{"href":"https:\/\/ayteksanmakina.com.tr\/v1\/wp-json\/wp\/v2\/pages\/1073"}],"collection":[{"href":"https:\/\/ayteksanmakina.com.tr\/v1\/wp-json\/wp\/v2\/pages"}],"about":[{"href":"https:\/\/ayteksanmakina.com.tr\/v1\/wp-json\/wp\/v2\/types\/page"}],"author":[{"embeddable":true,"href":"https:\/\/ayteksanmakina.com.tr\/v1\/wp-json\/wp\/v2\/users\/1"}],"replies":[{"embeddable":true,"href":"https:\/\/ayteksanmakina.com.tr\/v1\/wp-json\/wp\/v2\/comments?post=1073"}],"version-history":[{"count":16,"href":"https:\/\/ayteksanmakina.com.tr\/v1\/wp-json\/wp\/v2\/pages\/1073\/revisions"}],"predecessor-version":[{"id":2021,"href":"https:\/\/ayteksanmakina.com.tr\/v1\/wp-json\/wp\/v2\/pages\/1073\/revisions\/2021"}],"wp:attachment":[{"href":"https:\/\/ayteksanmakina.com.tr\/v1\/wp-json\/wp\/v2\/media?parent=1073"}],"curies":[{"name":"wp","href":"https:\/\/api.w.org\/{rel}","templated":true}]}}