{"id":1071,"date":"2023-02-09T13:50:38","date_gmt":"2023-02-09T13:50:38","guid":{"rendered":"https:\/\/ayteksanmakina.com.tr\/v1\/?page_id=1071"},"modified":"2023-08-18T12:51:41","modified_gmt":"2023-08-18T12:51:41","slug":"komur-hazirlama-tesisleri","status":"publish","type":"page","link":"https:\/\/ayteksanmakina.com.tr\/v1\/komur-hazirlama-tesisleri\/","title":{"rendered":"K\u00d6M\u00dcR HAZIRLAMA TES\u0130SLER\u0130"},"content":{"rendered":"\t\t<div data-elementor-type=\"wp-page\" data-elementor-id=\"1071\" class=\"elementor elementor-1071\">\n\t\t\t\t\t\t<div class=\"elementor-inner\">\n\t\t\t\t<div class=\"elementor-section-wrap\">\n\t\t\t\t\t\t\t\t\t<section class=\"elementor-section elementor-top-section elementor-element elementor-element-61f9a1d elementor-section-boxed elementor-section-height-default elementor-section-height-default\" data-id=\"61f9a1d\" data-element_type=\"section\">\n\t\t\t\t\t\t<div class=\"elementor-container elementor-column-gap-default\">\n\t\t\t\t\t\t\t<div class=\"elementor-row\">\n\t\t\t\t\t<div class=\"elementor-column elementor-col-100 elementor-top-column elementor-element elementor-element-db4feb8\" data-id=\"db4feb8\" data-element_type=\"column\">\n\t\t\t<div class=\"elementor-column-wrap elementor-element-populated\">\n\t\t\t\t\t\t\t<div class=\"elementor-widget-wrap\">\n\t\t\t\t\t\t<div class=\"elementor-element elementor-element-f52f787 elementor-widget elementor-widget-text-editor\" data-id=\"f52f787\" data-element_type=\"widget\" data-widget_type=\"text-editor.default\">\n\t\t\t\t<div class=\"elementor-widget-container\">\n\t\t\t\t\t\t\t\t<div class=\"elementor-text-editor elementor-clearfix\">\n\t\t\t\t<p><em>Ba\u015fl\u0131ca Linyit, Ta\u015f k\u00f6m\u00fcr\u00fc gibi \u00fcr\u00fcnlerin, beslenmesinde, kurutulmas\u0131nda, k\u0131r\u0131l\u0131p, elenmesinde ve depolanmas\u0131nda ihtiya\u00e7 olan bir haz\u0131rlama \u00fcnitesidir. Ba\u015fl\u0131ca Seramik, Tu\u011fla ve Kiremit gibi bir \u00e7ok\u00a0 fabrikalar\u0131n f\u0131r\u0131nlarda kullan\u0131lacak olan k\u00f6m\u00fcr\u00fcn i\u015flenip kullan\u0131lmas\u0131na imkan sa\u011flayan bir tesisdir.<\/em><\/p><p><em>Kullan\u0131m i\u00e7in, istenilen boyuta d\u00fc\u015f\u00fcrebilen, istenildi\u011finde mikron boyutuna kadar \u00fcr\u00fcn yapabilme kabiliyetine sahip tesisler kurulmaktad\u0131r.<\/em><\/p>\t\t\t\t\t<\/div>\n\t\t\t\t\t\t<\/div>\n\t\t\t\t<\/div>\n\t\t\t\t<div class=\"elementor-element elementor-element-9197d5f elementor-widget elementor-widget-image-gallery\" data-id=\"9197d5f\" data-element_type=\"widget\" data-widget_type=\"image-gallery.default\">\n\t\t\t\t<div class=\"elementor-widget-container\">\n\t\t\t\t\t<div class=\"elementor-image-gallery\">\n\t\t\t\n\t\t<style type=\"text\/css\">\n\t\t\t#gallery-1 {\n\t\t\t\tmargin: auto;\n\t\t\t}\n\t\t\t#gallery-1 .gallery-item {\n\t\t\t\tfloat: left;\n\t\t\t\tmargin-top: 10px;\n\t\t\t\ttext-align: center;\n\t\t\t\twidth: 50%;\n\t\t\t}\n\t\t\t#gallery-1 img {\n\t\t\t\tborder: 2px solid #cfcfcf;\n\t\t\t}\n\t\t\t#gallery-1 .gallery-caption {\n\t\t\t\tmargin-left: 0;\n\t\t\t}\n\t\t\t\/* see gallery_shortcode() in wp-includes\/media.php *\/\n\t\t<\/style>\n\t\t<div id='gallery-1' class='gallery galleryid-1071 gallery-columns-2 gallery-size-industing-team-3'><dl class='gallery-item'>\n\t\t\t<dt class='gallery-icon landscape'>\n\t\t\t\t<a data-elementor-open-lightbox=\"yes\" data-elementor-lightbox-slideshow=\"9197d5f\" data-elementor-lightbox-title=\"Bas\u0327l\u0131ks\u0131z-1\" e-action-hash=\"#elementor-action%3Aaction%3Dlightbox%26settings%3DeyJpZCI6MTYyOSwidXJsIjoiaHR0cHM6XC9cL2F5dGVrc2FubWFraW5hLmNvbS50clwvdjFcL3dwLWNvbnRlbnRcL3VwbG9hZHNcLzIwMTlcLzEyXC9CYXNsaWtzaXotMS0zLmpwZyIsInNsaWRlc2hvdyI6IjkxOTdkNWYifQ%3D%3D\" href='https:\/\/ayteksanmakina.com.tr\/v1\/wp-content\/uploads\/2019\/12\/Basliksiz-1-3.jpg'><img width=\"570\" height=\"570\" src=\"https:\/\/ayteksanmakina.com.tr\/v1\/wp-content\/uploads\/2019\/12\/Basliksiz-1-3-570x570.jpg\" class=\"attachment-industing-team-3 size-industing-team-3\" alt=\"\" decoding=\"async\" loading=\"lazy\" srcset=\"https:\/\/ayteksanmakina.com.tr\/v1\/wp-content\/uploads\/2019\/12\/Basliksiz-1-3-570x570.jpg 570w, https:\/\/ayteksanmakina.com.tr\/v1\/wp-content\/uploads\/2019\/12\/Basliksiz-1-3-300x300.jpg 300w, https:\/\/ayteksanmakina.com.tr\/v1\/wp-content\/uploads\/2019\/12\/Basliksiz-1-3-1024x1024.jpg 1024w, https:\/\/ayteksanmakina.com.tr\/v1\/wp-content\/uploads\/2019\/12\/Basliksiz-1-3-150x150.jpg 150w, https:\/\/ayteksanmakina.com.tr\/v1\/wp-content\/uploads\/2019\/12\/Basliksiz-1-3-768x768.jpg 768w, https:\/\/ayteksanmakina.com.tr\/v1\/wp-content\/uploads\/2019\/12\/Basliksiz-1-3-1536x1536.jpg 1536w, https:\/\/ayteksanmakina.com.tr\/v1\/wp-content\/uploads\/2019\/12\/Basliksiz-1-3-100x100.jpg 100w, https:\/\/ayteksanmakina.com.tr\/v1\/wp-content\/uploads\/2019\/12\/Basliksiz-1-3-342x342.jpg 342w, https:\/\/ayteksanmakina.com.tr\/v1\/wp-content\/uploads\/2019\/12\/Basliksiz-1-3.jpg 1920w\" sizes=\"(max-width: 570px) 100vw, 570px\" \/><\/a>\n\t\t\t<\/dt><\/dl><dl class='gallery-item'>\n\t\t\t<dt class='gallery-icon landscape'>\n\t\t\t\t<a data-elementor-open-lightbox=\"yes\" data-elementor-lightbox-slideshow=\"9197d5f\" data-elementor-lightbox-title=\"Bas\u0327l\u0131ks\u0131z-2\" e-action-hash=\"#elementor-action%3Aaction%3Dlightbox%26settings%3DeyJpZCI6MTYzMCwidXJsIjoiaHR0cHM6XC9cL2F5dGVrc2FubWFraW5hLmNvbS50clwvdjFcL3dwLWNvbnRlbnRcL3VwbG9hZHNcLzIwMTlcLzEyXC9CYXNsaWtzaXotMi0yLmpwZyIsInNsaWRlc2hvdyI6IjkxOTdkNWYifQ%3D%3D\" href='https:\/\/ayteksanmakina.com.tr\/v1\/wp-content\/uploads\/2019\/12\/Basliksiz-2-2.jpg'><img width=\"570\" height=\"570\" src=\"https:\/\/ayteksanmakina.com.tr\/v1\/wp-content\/uploads\/2019\/12\/Basliksiz-2-2-570x570.jpg\" class=\"attachment-industing-team-3 size-industing-team-3\" alt=\"\" decoding=\"async\" loading=\"lazy\" srcset=\"https:\/\/ayteksanmakina.com.tr\/v1\/wp-content\/uploads\/2019\/12\/Basliksiz-2-2-570x570.jpg 570w, https:\/\/ayteksanmakina.com.tr\/v1\/wp-content\/uploads\/2019\/12\/Basliksiz-2-2-300x300.jpg 300w, https:\/\/ayteksanmakina.com.tr\/v1\/wp-content\/uploads\/2019\/12\/Basliksiz-2-2-1024x1024.jpg 1024w, https:\/\/ayteksanmakina.com.tr\/v1\/wp-content\/uploads\/2019\/12\/Basliksiz-2-2-150x150.jpg 150w, https:\/\/ayteksanmakina.com.tr\/v1\/wp-content\/uploads\/2019\/12\/Basliksiz-2-2-768x768.jpg 768w, https:\/\/ayteksanmakina.com.tr\/v1\/wp-content\/uploads\/2019\/12\/Basliksiz-2-2-1536x1536.jpg 1536w, https:\/\/ayteksanmakina.com.tr\/v1\/wp-content\/uploads\/2019\/12\/Basliksiz-2-2-100x100.jpg 100w, https:\/\/ayteksanmakina.com.tr\/v1\/wp-content\/uploads\/2019\/12\/Basliksiz-2-2-342x342.jpg 342w, https:\/\/ayteksanmakina.com.tr\/v1\/wp-content\/uploads\/2019\/12\/Basliksiz-2-2.jpg 1920w\" sizes=\"(max-width: 570px) 100vw, 570px\" \/><\/a>\n\t\t\t<\/dt><\/dl><br style=\"clear: both\" \/>\n\t\t<\/div>\n\t\t<\/div>\n\t\t\t\t<\/div>\n\t\t\t\t<\/div>\n\t\t\t\t\t\t<\/div>\n\t\t\t\t\t<\/div>\n\t\t<\/div>\n\t\t\t\t\t\t\t\t<\/div>\n\t\t\t\t\t<\/div>\n\t\t<\/section>\n\t\t\t\t\t\t\t\t\t<\/div>\n\t\t\t<\/div>\n\t\t\t\t\t<\/div>\n\t\t","protected":false},"excerpt":{"rendered":"<p>Ba\u015fl\u0131ca Linyit, Ta\u015f k\u00f6m\u00fcr\u00fc gibi \u00fcr\u00fcnlerin, beslenmesinde, kurutulmas\u0131nda, k\u0131r\u0131l\u0131p, elenmesinde ve depolanmas\u0131nda ihtiya\u00e7 olan bir haz\u0131rlama \u00fcnitesidir. Ba\u015fl\u0131ca Seramik, Tu\u011fla ve Kiremit gibi bir \u00e7ok\u00a0 fabrikalar\u0131n f\u0131r\u0131nlarda kullan\u0131lacak olan k\u00f6m\u00fcr\u00fcn i\u015flenip kullan\u0131lmas\u0131na imkan sa\u011flayan bir tesisdir. Kullan\u0131m i\u00e7in, istenilen boyuta d\u00fc\u015f\u00fcrebilen, istenildi\u011finde mikron boyutuna kadar \u00fcr\u00fcn yapabilme kabiliyetine sahip tesisler kurulmaktad\u0131r.<\/p>\n","protected":false},"author":1,"featured_media":0,"parent":0,"menu_order":0,"comment_status":"closed","ping_status":"closed","template":"","meta":{"footnotes":"","_joinchat":[]},"_links":{"self":[{"href":"https:\/\/ayteksanmakina.com.tr\/v1\/wp-json\/wp\/v2\/pages\/1071"}],"collection":[{"href":"https:\/\/ayteksanmakina.com.tr\/v1\/wp-json\/wp\/v2\/pages"}],"about":[{"href":"https:\/\/ayteksanmakina.com.tr\/v1\/wp-json\/wp\/v2\/types\/page"}],"author":[{"embeddable":true,"href":"https:\/\/ayteksanmakina.com.tr\/v1\/wp-json\/wp\/v2\/users\/1"}],"replies":[{"embeddable":true,"href":"https:\/\/ayteksanmakina.com.tr\/v1\/wp-json\/wp\/v2\/comments?post=1071"}],"version-history":[{"count":22,"href":"https:\/\/ayteksanmakina.com.tr\/v1\/wp-json\/wp\/v2\/pages\/1071\/revisions"}],"predecessor-version":[{"id":2018,"href":"https:\/\/ayteksanmakina.com.tr\/v1\/wp-json\/wp\/v2\/pages\/1071\/revisions\/2018"}],"wp:attachment":[{"href":"https:\/\/ayteksanmakina.com.tr\/v1\/wp-json\/wp\/v2\/media?parent=1071"}],"curies":[{"name":"wp","href":"https:\/\/api.w.org\/{rel}","templated":true}]}}